{"id":9,"date":"2023-09-27T18:55:24","date_gmt":"2023-09-27T18:55:24","guid":{"rendered":"https:\/\/new.cokag.ch\/?page_id=9"},"modified":"2024-11-16T13:52:52","modified_gmt":"2024-11-16T13:52:52","slug":"home","status":"publish","type":"page","link":"https:\/\/cokag.ch\/","title":{"rendered":"Home"},"content":{"rendered":"\n<p class=\"has-text-align-center\">WELCOME to Light &amp; Sound powered by COKAG<\/p>\n\n\n\n<p><strong>Wechsel in der Gesch\u00e4ftsleitung der COKAG<\/strong><\/p>\n\n\n\n<p>Nach 27 Jahren hat sich Christoph Kaufmann entschlossen sich aus der Gesch\u00e4ftsleitung der COKAG zur\u00fcckzuziehen. Per Januar 2024 ist neu Fabian Sch\u00e4rli teil der Gesch\u00e4ftsleitung.<\/p>\n\n\n\n<figure class=\"wp-block-image size-large is-resized has-custom-border\"><img loading=\"lazy\" decoding=\"async\" width=\"1024\" height=\"683\" src=\"https:\/\/new.cokag.ch\/wp-content\/uploads\/2024\/08\/MG_0993-1024x683.jpg\" alt=\"\" class=\"wp-image-251\" style=\"border-style:none;border-width:0px;width:1138px;height:auto\" srcset=\"https:\/\/cokag.ch\/wp-content\/uploads\/2024\/08\/MG_0993-1024x683.jpg 1024w, https:\/\/cokag.ch\/wp-content\/uploads\/2024\/08\/MG_0993-300x200.jpg 300w, https:\/\/cokag.ch\/wp-content\/uploads\/2024\/08\/MG_0993-2000x1333.jpg 2000w\" sizes=\"auto, (max-width: 1024px) 100vw, 1024px\" \/><\/figure>\n","protected":false},"excerpt":{"rendered":"<p>WELCOME to Light &amp; Sound powered by COKAG Wechsel in der Gesch\u00e4ftsleitung der COKAG Nach 27 Jahren hat sich Christoph Kaufmann entschlossen sich aus der Gesch\u00e4ftsleitung der COKAG zur\u00fcckzuziehen. Per Januar 2024 ist neu Fabian Sch\u00e4rli teil der Gesch\u00e4ftsleitung.<\/p>\n","protected":false},"author":1,"featured_media":0,"parent":0,"menu_order":0,"comment_status":"closed","ping_status":"closed","template":"","meta":{"ngg_post_thumbnail":0,"inspiro_hide_title":false,"footnotes":""},"class_list":["post-9","page","type-page","status-publish","hentry"],"yoast_head":"<!-- This site is optimized with the Yoast SEO plugin v27.4 - https:\/\/yoast.com\/product\/yoast-seo-wordpress\/ -->\n<title>Home - COKAG Light &amp; Sound GmbH<\/title>\n<meta name=\"robots\" content=\"index, follow, max-snippet:-1, max-image-preview:large, max-video-preview:-1\" \/>\n<link rel=\"canonical\" href=\"https:\/\/cokag.ch\/\" \/>\n<meta property=\"og:locale\" content=\"de_DE\" \/>\n<meta property=\"og:type\" content=\"article\" \/>\n<meta property=\"og:title\" content=\"Home - COKAG Light &amp; Sound GmbH\" \/>\n<meta property=\"og:description\" content=\"WELCOME to Light &amp; Sound powered by COKAG Wechsel in der Gesch\u00e4ftsleitung der COKAG Nach 27 Jahren hat sich Christoph Kaufmann entschlossen sich aus der Gesch\u00e4ftsleitung der COKAG zur\u00fcckzuziehen. Per Januar 2024 ist neu Fabian Sch\u00e4rli teil der Gesch\u00e4ftsleitung.\" \/>\n<meta property=\"og:url\" content=\"https:\/\/cokag.ch\/\" \/>\n<meta property=\"og:site_name\" content=\"COKAG Light &amp; Sound GmbH\" \/>\n<meta property=\"article:modified_time\" content=\"2024-11-16T13:52:52+00:00\" \/>\n<meta property=\"og:image\" content=\"https:\/\/new.cokag.ch\/wp-content\/uploads\/2024\/08\/MG_0993-1024x683.jpg\" \/>\n<meta name=\"twitter:card\" content=\"summary_large_image\" \/>\n<meta name=\"twitter:label1\" content=\"Gesch\u00e4tzte Lesezeit\" \/>\n\t<meta name=\"twitter:data1\" content=\"1\u00a0Minute\" \/>\n<script type=\"application\/ld+json\" class=\"yoast-schema-graph\">{\"@context\":\"https:\\\/\\\/schema.org\",\"@graph\":[{\"@type\":\"WebPage\",\"@id\":\"https:\\\/\\\/cokag.ch\\\/\",\"url\":\"https:\\\/\\\/cokag.ch\\\/\",\"name\":\"Home - COKAG Light &amp; Sound GmbH\",\"isPartOf\":{\"@id\":\"https:\\\/\\\/cokag.ch\\\/#website\"},\"primaryImageOfPage\":{\"@id\":\"https:\\\/\\\/cokag.ch\\\/#primaryimage\"},\"image\":{\"@id\":\"https:\\\/\\\/cokag.ch\\\/#primaryimage\"},\"thumbnailUrl\":\"https:\\\/\\\/new.cokag.ch\\\/wp-content\\\/uploads\\\/2024\\\/08\\\/MG_0993-1024x683.jpg\",\"datePublished\":\"2023-09-27T18:55:24+00:00\",\"dateModified\":\"2024-11-16T13:52:52+00:00\",\"breadcrumb\":{\"@id\":\"https:\\\/\\\/cokag.ch\\\/#breadcrumb\"},\"inLanguage\":\"de\",\"potentialAction\":[{\"@type\":\"ReadAction\",\"target\":[\"https:\\\/\\\/cokag.ch\\\/\"]}]},{\"@type\":\"ImageObject\",\"inLanguage\":\"de\",\"@id\":\"https:\\\/\\\/cokag.ch\\\/#primaryimage\",\"url\":\"https:\\\/\\\/new.cokag.ch\\\/wp-content\\\/uploads\\\/2024\\\/08\\\/MG_0993-1024x683.jpg\",\"contentUrl\":\"https:\\\/\\\/new.cokag.ch\\\/wp-content\\\/uploads\\\/2024\\\/08\\\/MG_0993-1024x683.jpg\"},{\"@type\":\"BreadcrumbList\",\"@id\":\"https:\\\/\\\/cokag.ch\\\/#breadcrumb\",\"itemListElement\":[{\"@type\":\"ListItem\",\"position\":1,\"name\":\"Startseite\",\"item\":\"https:\\\/\\\/cokag.ch\\\/\"},{\"@type\":\"ListItem\",\"position\":2,\"name\":\"Home\"}]},{\"@type\":\"WebSite\",\"@id\":\"https:\\\/\\\/cokag.ch\\\/#website\",\"url\":\"https:\\\/\\\/cokag.ch\\\/\",\"name\":\"COKAG Light &amp; Sound GmbH\",\"description\":\"good light, good sound good vibes\",\"publisher\":{\"@id\":\"https:\\\/\\\/cokag.ch\\\/#organization\"},\"potentialAction\":[{\"@type\":\"SearchAction\",\"target\":{\"@type\":\"EntryPoint\",\"urlTemplate\":\"https:\\\/\\\/cokag.ch\\\/?s={search_term_string}\"},\"query-input\":{\"@type\":\"PropertyValueSpecification\",\"valueRequired\":true,\"valueName\":\"search_term_string\"}}],\"inLanguage\":\"de\"},{\"@type\":\"Organization\",\"@id\":\"https:\\\/\\\/cokag.ch\\\/#organization\",\"name\":\"COKAG Light &amp; Sound GmbH\",\"url\":\"https:\\\/\\\/cokag.ch\\\/\",\"logo\":{\"@type\":\"ImageObject\",\"inLanguage\":\"de\",\"@id\":\"https:\\\/\\\/cokag.ch\\\/#\\\/schema\\\/logo\\\/image\\\/\",\"url\":\"https:\\\/\\\/cokag.ch\\\/wp-content\\\/uploads\\\/2023\\\/09\\\/cropped-cropped-cropped-cropped-powerswitch-1.jpg\",\"contentUrl\":\"https:\\\/\\\/cokag.ch\\\/wp-content\\\/uploads\\\/2023\\\/09\\\/cropped-cropped-cropped-cropped-powerswitch-1.jpg\",\"width\":512,\"height\":512,\"caption\":\"COKAG Light &amp; Sound GmbH\"},\"image\":{\"@id\":\"https:\\\/\\\/cokag.ch\\\/#\\\/schema\\\/logo\\\/image\\\/\"}}]}<\/script>\n<!-- \/ Yoast SEO plugin. -->","yoast_head_json":{"title":"Home - COKAG Light &amp; Sound GmbH","robots":{"index":"index","follow":"follow","max-snippet":"max-snippet:-1","max-image-preview":"max-image-preview:large","max-video-preview":"max-video-preview:-1"},"canonical":"https:\/\/cokag.ch\/","og_locale":"de_DE","og_type":"article","og_title":"Home - COKAG Light &amp; Sound GmbH","og_description":"WELCOME to Light &amp; Sound powered by COKAG Wechsel in der Gesch\u00e4ftsleitung der COKAG Nach 27 Jahren hat sich Christoph Kaufmann entschlossen sich aus der Gesch\u00e4ftsleitung der COKAG zur\u00fcckzuziehen. Per Januar 2024 ist neu Fabian Sch\u00e4rli teil der Gesch\u00e4ftsleitung.","og_url":"https:\/\/cokag.ch\/","og_site_name":"COKAG Light &amp; Sound GmbH","article_modified_time":"2024-11-16T13:52:52+00:00","og_image":[{"url":"https:\/\/new.cokag.ch\/wp-content\/uploads\/2024\/08\/MG_0993-1024x683.jpg","type":"","width":"","height":""}],"twitter_card":"summary_large_image","twitter_misc":{"Gesch\u00e4tzte Lesezeit":"1\u00a0Minute"},"schema":{"@context":"https:\/\/schema.org","@graph":[{"@type":"WebPage","@id":"https:\/\/cokag.ch\/","url":"https:\/\/cokag.ch\/","name":"Home - COKAG Light &amp; Sound GmbH","isPartOf":{"@id":"https:\/\/cokag.ch\/#website"},"primaryImageOfPage":{"@id":"https:\/\/cokag.ch\/#primaryimage"},"image":{"@id":"https:\/\/cokag.ch\/#primaryimage"},"thumbnailUrl":"https:\/\/new.cokag.ch\/wp-content\/uploads\/2024\/08\/MG_0993-1024x683.jpg","datePublished":"2023-09-27T18:55:24+00:00","dateModified":"2024-11-16T13:52:52+00:00","breadcrumb":{"@id":"https:\/\/cokag.ch\/#breadcrumb"},"inLanguage":"de","potentialAction":[{"@type":"ReadAction","target":["https:\/\/cokag.ch\/"]}]},{"@type":"ImageObject","inLanguage":"de","@id":"https:\/\/cokag.ch\/#primaryimage","url":"https:\/\/new.cokag.ch\/wp-content\/uploads\/2024\/08\/MG_0993-1024x683.jpg","contentUrl":"https:\/\/new.cokag.ch\/wp-content\/uploads\/2024\/08\/MG_0993-1024x683.jpg"},{"@type":"BreadcrumbList","@id":"https:\/\/cokag.ch\/#breadcrumb","itemListElement":[{"@type":"ListItem","position":1,"name":"Startseite","item":"https:\/\/cokag.ch\/"},{"@type":"ListItem","position":2,"name":"Home"}]},{"@type":"WebSite","@id":"https:\/\/cokag.ch\/#website","url":"https:\/\/cokag.ch\/","name":"COKAG Light &amp; Sound GmbH","description":"good light, good sound good vibes","publisher":{"@id":"https:\/\/cokag.ch\/#organization"},"potentialAction":[{"@type":"SearchAction","target":{"@type":"EntryPoint","urlTemplate":"https:\/\/cokag.ch\/?s={search_term_string}"},"query-input":{"@type":"PropertyValueSpecification","valueRequired":true,"valueName":"search_term_string"}}],"inLanguage":"de"},{"@type":"Organization","@id":"https:\/\/cokag.ch\/#organization","name":"COKAG Light &amp; Sound GmbH","url":"https:\/\/cokag.ch\/","logo":{"@type":"ImageObject","inLanguage":"de","@id":"https:\/\/cokag.ch\/#\/schema\/logo\/image\/","url":"https:\/\/cokag.ch\/wp-content\/uploads\/2023\/09\/cropped-cropped-cropped-cropped-powerswitch-1.jpg","contentUrl":"https:\/\/cokag.ch\/wp-content\/uploads\/2023\/09\/cropped-cropped-cropped-cropped-powerswitch-1.jpg","width":512,"height":512,"caption":"COKAG Light &amp; Sound GmbH"},"image":{"@id":"https:\/\/cokag.ch\/#\/schema\/logo\/image\/"}}]}},"_links":{"self":[{"href":"https:\/\/cokag.ch\/index.php?rest_route=\/wp\/v2\/pages\/9","targetHints":{"allow":["GET"]}}],"collection":[{"href":"https:\/\/cokag.ch\/index.php?rest_route=\/wp\/v2\/pages"}],"about":[{"href":"https:\/\/cokag.ch\/index.php?rest_route=\/wp\/v2\/types\/page"}],"author":[{"embeddable":true,"href":"https:\/\/cokag.ch\/index.php?rest_route=\/wp\/v2\/users\/1"}],"replies":[{"embeddable":true,"href":"https:\/\/cokag.ch\/index.php?rest_route=%2Fwp%2Fv2%2Fcomments&post=9"}],"version-history":[{"count":8,"href":"https:\/\/cokag.ch\/index.php?rest_route=\/wp\/v2\/pages\/9\/revisions"}],"predecessor-version":[{"id":259,"href":"https:\/\/cokag.ch\/index.php?rest_route=\/wp\/v2\/pages\/9\/revisions\/259"}],"wp:attachment":[{"href":"https:\/\/cokag.ch\/index.php?rest_route=%2Fwp%2Fv2%2Fmedia&parent=9"}],"curies":[{"name":"wp","href":"https:\/\/api.w.org\/{rel}","templated":true}]}}