{"id":11,"date":"2023-09-27T18:55:48","date_gmt":"2023-09-27T18:55:48","guid":{"rendered":"https:\/\/new.cokag.ch\/?page_id=11"},"modified":"2024-08-15T10:34:54","modified_gmt":"2024-08-15T10:34:54","slug":"kontakt","status":"publish","type":"page","link":"https:\/\/cokag.ch\/?page_id=11","title":{"rendered":"Kontakt"},"content":{"rendered":"\n<figure class=\"wp-block-image aligncenter is-resized\"><img loading=\"lazy\" decoding=\"async\" width=\"1024\" height=\"722\" src=\"https:\/\/new.cokag.ch\/wp-content\/uploads\/2023\/10\/Cokag_210x148_mm_neu-1024x722.jpg\" alt=\"\" class=\"wp-image-102\" style=\"width:462px;height:auto\" srcset=\"https:\/\/cokag.ch\/wp-content\/uploads\/2023\/10\/Cokag_210x148_mm_neu-1024x722.jpg 1024w, https:\/\/cokag.ch\/wp-content\/uploads\/2023\/10\/Cokag_210x148_mm_neu-300x211.jpg 300w, https:\/\/cokag.ch\/wp-content\/uploads\/2023\/10\/Cokag_210x148_mm_neu-768x541.jpg 768w, https:\/\/cokag.ch\/wp-content\/uploads\/2023\/10\/Cokag_210x148_mm_neu-1536x1083.jpg 1536w, https:\/\/cokag.ch\/wp-content\/uploads\/2023\/10\/Cokag_210x148_mm_neu-2048x1444.jpg 2048w, https:\/\/cokag.ch\/wp-content\/uploads\/2023\/10\/Cokag_210x148_mm_neu-2000x1410.jpg 2000w\" sizes=\"auto, (max-width: 1024px) 100vw, 1024px\" \/><\/figure>\n\n\n\n<div class=\"wp-block-group has-global-padding is-layout-constrained wp-block-group-is-layout-constrained\">\n<div class=\"wp-block-group is-layout-flow wp-block-group-is-layout-flow\">\n<div style=\"height:0px\" aria-hidden=\"true\" class=\"wp-block-spacer\"><\/div>\n\n\n\n<div class=\"wp-block-columns is-layout-flex wp-container-core-columns-is-layout-28f84493 wp-block-columns-is-layout-flex\">\n<div class=\"wp-block-column is-style-default is-layout-flow wp-block-column-is-layout-flow\" style=\"border-style:none;border-width:0px;padding-top:0;padding-right:0;padding-bottom:0;padding-left:0\">\n<figure class=\"wp-block-image size-full\"><img loading=\"lazy\" decoding=\"async\" width=\"300\" height=\"300\" src=\"https:\/\/new.cokag.ch\/wp-content\/uploads\/2024\/08\/Chasso.jpg\" alt=\"\" class=\"wp-image-246\" srcset=\"https:\/\/cokag.ch\/wp-content\/uploads\/2024\/08\/Chasso.jpg 300w, https:\/\/cokag.ch\/wp-content\/uploads\/2024\/08\/Chasso-150x150.jpg 150w\" sizes=\"auto, (max-width: 300px) 100vw, 300px\" \/><\/figure>\n\n\n\n<h3 class=\"wp-block-heading\">Christian Gassmann<\/h3>\n\n\n\n<p>Gesch\u00e4ftsleitung, Inhaber<\/p>\n\n\n\n<p>Mobile: 076 320 10 39<br>Mail:<a href=\"mailto:christian@cokag.ch?subject=\">christian|\u00e4t|cokag.ch<\/a><\/p>\n<\/div>\n\n\n\n<div class=\"wp-block-column is-layout-flow wp-block-column-is-layout-flow\">\n<figure class=\"wp-block-image size-full\"><img loading=\"lazy\" decoding=\"async\" width=\"300\" height=\"300\" src=\"https:\/\/new.cokag.ch\/wp-content\/uploads\/2024\/08\/Jonas.jpg\" alt=\"\" class=\"wp-image-247\" srcset=\"https:\/\/cokag.ch\/wp-content\/uploads\/2024\/08\/Jonas.jpg 300w, https:\/\/cokag.ch\/wp-content\/uploads\/2024\/08\/Jonas-150x150.jpg 150w\" sizes=\"auto, (max-width: 300px) 100vw, 300px\" \/><\/figure>\n\n\n\n<h3 class=\"wp-block-heading\">Jonas Gassmann<\/h3>\n\n\n\n<p>Gesch\u00e4ftsleitung, Inhaber<\/p>\n\n\n\n<p>Mobile: 076 462 07 39<br>Mail:<a href=\"mailto:jonas@cokag.ch?subject=\">jonas|\u00e4t|cokag.ch<\/a><\/p>\n\n\n\n<p><\/p>\n\n\n\n<p><\/p>\n<\/div>\n\n\n\n<div class=\"wp-block-column is-style-default is-layout-flow wp-block-column-is-layout-flow\" style=\"border-style:none;border-width:0px;padding-top:0;padding-right:0;padding-bottom:0;padding-left:0\">\n<figure class=\"wp-block-image size-full\"><img loading=\"lazy\" decoding=\"async\" width=\"300\" height=\"300\" src=\"https:\/\/new.cokag.ch\/wp-content\/uploads\/2024\/08\/Fabian.jpg\" alt=\"\" class=\"wp-image-248\" srcset=\"https:\/\/cokag.ch\/wp-content\/uploads\/2024\/08\/Fabian.jpg 300w, https:\/\/cokag.ch\/wp-content\/uploads\/2024\/08\/Fabian-150x150.jpg 150w\" sizes=\"auto, (max-width: 300px) 100vw, 300px\" \/><\/figure>\n\n\n\n<h3 class=\"wp-block-heading\">Fabian Sch\u00e4rli<\/h3>\n\n\n\n<p>Gesch\u00e4ftsleitung, Inhaber<\/p>\n\n\n\n<p>Mobile: 079 256 76 20 <br>Mail:<a href=\"mailto:fabian@cokag.ch?subject=\">fabian|\u00e4t|cokag.ch<\/a><\/p>\n\n\n\n<p><\/p>\n<\/div>\n<\/div>\n\n\n\n<div style=\"height:100px\" aria-hidden=\"true\" class=\"wp-block-spacer\"><\/div>\n<\/div>\n\n\n\n<div style=\"height:82px\" aria-hidden=\"true\" class=\"wp-block-spacer\"><\/div>\n<\/div>\n\n\n\n<div class=\"wp-block-group has-global-padding is-layout-constrained wp-block-group-is-layout-constrained\">\n<div class=\"wp-block-group is-layout-flow wp-block-group-is-layout-flow\">\n<div style=\"height:0px\" aria-hidden=\"true\" class=\"wp-block-spacer\"><\/div>\n\n\n\n<div class=\"wp-block-columns is-layout-flex wp-container-core-columns-is-layout-28f84493 wp-block-columns-is-layout-flex\"><\/div>\n<\/div>\n\n\n\n<div style=\"height:82px\" aria-hidden=\"true\" class=\"wp-block-spacer\"><\/div>\n<\/div>\n","protected":false},"excerpt":{"rendered":"<p>Christian Gassmann Gesch\u00e4ftsleitung, Inhaber Mobile: 076 320 10 39Mail:christian|\u00e4t|cokag.ch Jonas Gassmann Gesch\u00e4ftsleitung, Inhaber Mobile: 076 462 07 39Mail:jonas|\u00e4t|cokag.ch Fabian Sch\u00e4rli Gesch\u00e4ftsleitung, Inhaber Mobile: 079 256 76 20 Mail:fabian|\u00e4t|cokag.ch<\/p>\n","protected":false},"author":1,"featured_media":0,"parent":0,"menu_order":0,"comment_status":"closed","ping_status":"closed","template":"","meta":{"ngg_post_thumbnail":0,"inspiro_hide_title":false,"footnotes":""},"class_list":["post-11","page","type-page","status-publish","hentry"],"yoast_head":"<!-- This site is optimized with the Yoast SEO plugin v27.4 - https:\/\/yoast.com\/product\/yoast-seo-wordpress\/ -->\n<title>Kontakt - COKAG Light &amp; Sound GmbH<\/title>\n<meta name=\"robots\" content=\"index, follow, max-snippet:-1, max-image-preview:large, max-video-preview:-1\" \/>\n<link rel=\"canonical\" href=\"https:\/\/cokag.ch\/?page_id=11\" \/>\n<meta property=\"og:locale\" content=\"de_DE\" \/>\n<meta property=\"og:type\" content=\"article\" \/>\n<meta property=\"og:title\" content=\"Kontakt - COKAG Light &amp; Sound GmbH\" \/>\n<meta property=\"og:description\" content=\"Christian Gassmann Gesch\u00e4ftsleitung, Inhaber Mobile: 076 320 10 39Mail:christian|\u00e4t|cokag.ch Jonas Gassmann Gesch\u00e4ftsleitung, Inhaber Mobile: 076 462 07 39Mail:jonas|\u00e4t|cokag.ch Fabian Sch\u00e4rli Gesch\u00e4ftsleitung, Inhaber Mobile: 079 256 76 20 Mail:fabian|\u00e4t|cokag.ch\" \/>\n<meta property=\"og:url\" content=\"https:\/\/cokag.ch\/?page_id=11\" \/>\n<meta property=\"og:site_name\" content=\"COKAG Light &amp; Sound GmbH\" \/>\n<meta property=\"article:modified_time\" content=\"2024-08-15T10:34:54+00:00\" \/>\n<meta property=\"og:image\" content=\"https:\/\/new.cokag.ch\/wp-content\/uploads\/2023\/10\/Cokag_210x148_mm_neu-1024x722.jpg\" \/>\n<meta name=\"twitter:card\" content=\"summary_large_image\" \/>\n<meta name=\"twitter:label1\" content=\"Gesch\u00e4tzte Lesezeit\" \/>\n\t<meta name=\"twitter:data1\" content=\"1\u00a0Minute\" \/>\n<script type=\"application\/ld+json\" class=\"yoast-schema-graph\">{\"@context\":\"https:\\\/\\\/schema.org\",\"@graph\":[{\"@type\":\"WebPage\",\"@id\":\"https:\\\/\\\/cokag.ch\\\/?page_id=11\",\"url\":\"https:\\\/\\\/cokag.ch\\\/?page_id=11\",\"name\":\"Kontakt - COKAG Light &amp; Sound GmbH\",\"isPartOf\":{\"@id\":\"https:\\\/\\\/cokag.ch\\\/#website\"},\"primaryImageOfPage\":{\"@id\":\"https:\\\/\\\/cokag.ch\\\/?page_id=11#primaryimage\"},\"image\":{\"@id\":\"https:\\\/\\\/cokag.ch\\\/?page_id=11#primaryimage\"},\"thumbnailUrl\":\"https:\\\/\\\/new.cokag.ch\\\/wp-content\\\/uploads\\\/2023\\\/10\\\/Cokag_210x148_mm_neu-1024x722.jpg\",\"datePublished\":\"2023-09-27T18:55:48+00:00\",\"dateModified\":\"2024-08-15T10:34:54+00:00\",\"breadcrumb\":{\"@id\":\"https:\\\/\\\/cokag.ch\\\/?page_id=11#breadcrumb\"},\"inLanguage\":\"de\",\"potentialAction\":[{\"@type\":\"ReadAction\",\"target\":[\"https:\\\/\\\/cokag.ch\\\/?page_id=11\"]}]},{\"@type\":\"ImageObject\",\"inLanguage\":\"de\",\"@id\":\"https:\\\/\\\/cokag.ch\\\/?page_id=11#primaryimage\",\"url\":\"https:\\\/\\\/new.cokag.ch\\\/wp-content\\\/uploads\\\/2023\\\/10\\\/Cokag_210x148_mm_neu-1024x722.jpg\",\"contentUrl\":\"https:\\\/\\\/new.cokag.ch\\\/wp-content\\\/uploads\\\/2023\\\/10\\\/Cokag_210x148_mm_neu-1024x722.jpg\"},{\"@type\":\"BreadcrumbList\",\"@id\":\"https:\\\/\\\/cokag.ch\\\/?page_id=11#breadcrumb\",\"itemListElement\":[{\"@type\":\"ListItem\",\"position\":1,\"name\":\"Startseite\",\"item\":\"https:\\\/\\\/cokag.ch\\\/\"},{\"@type\":\"ListItem\",\"position\":2,\"name\":\"Kontakt\"}]},{\"@type\":\"WebSite\",\"@id\":\"https:\\\/\\\/cokag.ch\\\/#website\",\"url\":\"https:\\\/\\\/cokag.ch\\\/\",\"name\":\"COKAG Light &amp; Sound GmbH\",\"description\":\"good light, good sound good vibes\",\"publisher\":{\"@id\":\"https:\\\/\\\/cokag.ch\\\/#organization\"},\"potentialAction\":[{\"@type\":\"SearchAction\",\"target\":{\"@type\":\"EntryPoint\",\"urlTemplate\":\"https:\\\/\\\/cokag.ch\\\/?s={search_term_string}\"},\"query-input\":{\"@type\":\"PropertyValueSpecification\",\"valueRequired\":true,\"valueName\":\"search_term_string\"}}],\"inLanguage\":\"de\"},{\"@type\":\"Organization\",\"@id\":\"https:\\\/\\\/cokag.ch\\\/#organization\",\"name\":\"COKAG Light &amp; Sound GmbH\",\"url\":\"https:\\\/\\\/cokag.ch\\\/\",\"logo\":{\"@type\":\"ImageObject\",\"inLanguage\":\"de\",\"@id\":\"https:\\\/\\\/cokag.ch\\\/#\\\/schema\\\/logo\\\/image\\\/\",\"url\":\"https:\\\/\\\/cokag.ch\\\/wp-content\\\/uploads\\\/2023\\\/09\\\/cropped-cropped-cropped-cropped-powerswitch-1.jpg\",\"contentUrl\":\"https:\\\/\\\/cokag.ch\\\/wp-content\\\/uploads\\\/2023\\\/09\\\/cropped-cropped-cropped-cropped-powerswitch-1.jpg\",\"width\":512,\"height\":512,\"caption\":\"COKAG Light &amp; Sound GmbH\"},\"image\":{\"@id\":\"https:\\\/\\\/cokag.ch\\\/#\\\/schema\\\/logo\\\/image\\\/\"}}]}<\/script>\n<!-- \/ Yoast SEO plugin. -->","yoast_head_json":{"title":"Kontakt - COKAG Light &amp; Sound GmbH","robots":{"index":"index","follow":"follow","max-snippet":"max-snippet:-1","max-image-preview":"max-image-preview:large","max-video-preview":"max-video-preview:-1"},"canonical":"https:\/\/cokag.ch\/?page_id=11","og_locale":"de_DE","og_type":"article","og_title":"Kontakt - COKAG Light &amp; Sound GmbH","og_description":"Christian Gassmann Gesch\u00e4ftsleitung, Inhaber Mobile: 076 320 10 39Mail:christian|\u00e4t|cokag.ch Jonas Gassmann Gesch\u00e4ftsleitung, Inhaber Mobile: 076 462 07 39Mail:jonas|\u00e4t|cokag.ch Fabian Sch\u00e4rli Gesch\u00e4ftsleitung, Inhaber Mobile: 079 256 76 20 Mail:fabian|\u00e4t|cokag.ch","og_url":"https:\/\/cokag.ch\/?page_id=11","og_site_name":"COKAG Light &amp; Sound GmbH","article_modified_time":"2024-08-15T10:34:54+00:00","og_image":[{"url":"https:\/\/new.cokag.ch\/wp-content\/uploads\/2023\/10\/Cokag_210x148_mm_neu-1024x722.jpg","type":"","width":"","height":""}],"twitter_card":"summary_large_image","twitter_misc":{"Gesch\u00e4tzte Lesezeit":"1\u00a0Minute"},"schema":{"@context":"https:\/\/schema.org","@graph":[{"@type":"WebPage","@id":"https:\/\/cokag.ch\/?page_id=11","url":"https:\/\/cokag.ch\/?page_id=11","name":"Kontakt - COKAG Light &amp; Sound GmbH","isPartOf":{"@id":"https:\/\/cokag.ch\/#website"},"primaryImageOfPage":{"@id":"https:\/\/cokag.ch\/?page_id=11#primaryimage"},"image":{"@id":"https:\/\/cokag.ch\/?page_id=11#primaryimage"},"thumbnailUrl":"https:\/\/new.cokag.ch\/wp-content\/uploads\/2023\/10\/Cokag_210x148_mm_neu-1024x722.jpg","datePublished":"2023-09-27T18:55:48+00:00","dateModified":"2024-08-15T10:34:54+00:00","breadcrumb":{"@id":"https:\/\/cokag.ch\/?page_id=11#breadcrumb"},"inLanguage":"de","potentialAction":[{"@type":"ReadAction","target":["https:\/\/cokag.ch\/?page_id=11"]}]},{"@type":"ImageObject","inLanguage":"de","@id":"https:\/\/cokag.ch\/?page_id=11#primaryimage","url":"https:\/\/new.cokag.ch\/wp-content\/uploads\/2023\/10\/Cokag_210x148_mm_neu-1024x722.jpg","contentUrl":"https:\/\/new.cokag.ch\/wp-content\/uploads\/2023\/10\/Cokag_210x148_mm_neu-1024x722.jpg"},{"@type":"BreadcrumbList","@id":"https:\/\/cokag.ch\/?page_id=11#breadcrumb","itemListElement":[{"@type":"ListItem","position":1,"name":"Startseite","item":"https:\/\/cokag.ch\/"},{"@type":"ListItem","position":2,"name":"Kontakt"}]},{"@type":"WebSite","@id":"https:\/\/cokag.ch\/#website","url":"https:\/\/cokag.ch\/","name":"COKAG Light &amp; Sound GmbH","description":"good light, good sound good vibes","publisher":{"@id":"https:\/\/cokag.ch\/#organization"},"potentialAction":[{"@type":"SearchAction","target":{"@type":"EntryPoint","urlTemplate":"https:\/\/cokag.ch\/?s={search_term_string}"},"query-input":{"@type":"PropertyValueSpecification","valueRequired":true,"valueName":"search_term_string"}}],"inLanguage":"de"},{"@type":"Organization","@id":"https:\/\/cokag.ch\/#organization","name":"COKAG Light &amp; Sound GmbH","url":"https:\/\/cokag.ch\/","logo":{"@type":"ImageObject","inLanguage":"de","@id":"https:\/\/cokag.ch\/#\/schema\/logo\/image\/","url":"https:\/\/cokag.ch\/wp-content\/uploads\/2023\/09\/cropped-cropped-cropped-cropped-powerswitch-1.jpg","contentUrl":"https:\/\/cokag.ch\/wp-content\/uploads\/2023\/09\/cropped-cropped-cropped-cropped-powerswitch-1.jpg","width":512,"height":512,"caption":"COKAG Light &amp; Sound GmbH"},"image":{"@id":"https:\/\/cokag.ch\/#\/schema\/logo\/image\/"}}]}},"_links":{"self":[{"href":"https:\/\/cokag.ch\/index.php?rest_route=\/wp\/v2\/pages\/11","targetHints":{"allow":["GET"]}}],"collection":[{"href":"https:\/\/cokag.ch\/index.php?rest_route=\/wp\/v2\/pages"}],"about":[{"href":"https:\/\/cokag.ch\/index.php?rest_route=\/wp\/v2\/types\/page"}],"author":[{"embeddable":true,"href":"https:\/\/cokag.ch\/index.php?rest_route=\/wp\/v2\/users\/1"}],"replies":[{"embeddable":true,"href":"https:\/\/cokag.ch\/index.php?rest_route=%2Fwp%2Fv2%2Fcomments&post=11"}],"version-history":[{"count":14,"href":"https:\/\/cokag.ch\/index.php?rest_route=\/wp\/v2\/pages\/11\/revisions"}],"predecessor-version":[{"id":250,"href":"https:\/\/cokag.ch\/index.php?rest_route=\/wp\/v2\/pages\/11\/revisions\/250"}],"wp:attachment":[{"href":"https:\/\/cokag.ch\/index.php?rest_route=%2Fwp%2Fv2%2Fmedia&parent=11"}],"curies":[{"name":"wp","href":"https:\/\/api.w.org\/{rel}","templated":true}]}}